{"id":148,"date":"2016-06-15T16:03:04","date_gmt":"2016-06-15T14:03:04","guid":{"rendered":"http:\/\/www.margaritelliferroviaria.com\/it\/?page_id=148"},"modified":"2025-07-04T15:25:00","modified_gmt":"2025-07-04T13:25:00","slug":"difference","status":"publish","type":"page","link":"https:\/\/www.margaritelliferroviaria.com\/it\/difference\/","title":{"rendered":"Values"},"content":{"rendered":"<div id=\"pl-148\"  class=\"panel-layout\" ><div id=\"pg-148-0\"  class=\"panel-grid panel-has-style\" ><div class=\"ik pageSection panel-row-style panel-row-style-for-148-0\" ><div id=\"pgc-148-0-0\"  class=\"panel-grid-cell\" ><div id=\"panel-148-0-0-0\" class=\"so-panel widget widget_qzr-maincontent panel-first-child panel-last-child\" data-index=\"0\" ><div class=\"so-widget-qzr-maincontent so-widget-qzr-maincontent-base\"><div id=\"qzr-maincontent-container\" class=\"qzr-maincontent\">\n\t\t\t\t\t<h2 style=\"color:#ffffff\">Flessibilit\u00e0<\/h2>\n\t\t\n\t\t\t\t\t<div class=\"decoration\" style=\"background-color: #ffffff\"><\/div>\n\t\t\n\t\t\t\t\t<h3 class=\"maincontent-subtitle\" style=\"color:#ffffff\">SOLUZIONI PER IL TRASPORTO FERROVIARIO<\/h3>\n\t\t\n\t\t\t\t\t<div class=\"columns-10 center dontShowOnMobile colPadding maincontent-text\" style=\"color:#ffffff\"><p style=\"text-align: center;\">Reattivit\u00e0, dinamismo e processi snelli consentono a Margaritelli Ferroviaria di muoversi al ritmo dell'innovazione tecnologica nel trasporto ferroviario, progettando le soluzioni che meglio rispondono alle nuove esigenze. L'ampia gamma di prodotti, le traverse progettate su misura, l'alto livello di ingegnerizzazione, i tempi veloci e l'organizzazione logistica fanno di Margaritelli un'industria davvero flessibile.<\/p><\/div>\n\t\t\n\t\t\t\t\t<div class=\"columns-10 center showOnMobile colPadding maincontent-text\" style=\"color:#ffffff\"><p style=\"text-align: center;\">Reattivit\u00e0, dinamismo e processi snelli consentono a Margaritelli Ferroviaria di muoversi al ritmo dell'innovazione tecnologica nel trasporto ferroviario, progettando le soluzioni che meglio rispondono alle nuove esigenze. L'ampia gamma di prodotti, le traverse progettate su misura, l'alto livello di ingegnerizzazione, i tempi veloci e l'organizzazione logistica fanno di Margaritelli un'industria davvero flessibile.<\/p><\/div>\n\t\t\n\t\t<div class=\"columns-10 center colPadding maincontent-profiles\">\n\t\t\t\n\t\t\t\t\t\t<br class=\"clear\">\n\t\t<\/div>\n\t\n<\/div><\/div><\/div><\/div><\/div><\/div><div id=\"pg-148-1\"  class=\"panel-grid panel-has-style\" ><div class=\"ik pageSection panel-row-style panel-row-style-for-148-1\" id=\"logistics\" ><div id=\"pgc-148-1-0\"  class=\"panel-grid-cell\" ><div id=\"panel-148-1-0-0\" class=\"so-panel widget widget_qzr-accordion panel-first-child panel-last-child\" data-index=\"1\" ><div class=\"so-widget-qzr-accordion so-widget-qzr-accordion-base\"><div id=\"qzr-accordion-container\" class=\"qzr-accordion\">\n\n\t\t\t<div class=\"columns-10 center\"><div class=\"column-of-2 colPadding right\"><h2 style=\"color:#646f76\">Logistica<\/h2><\/div><\/div>\n\t\n\t\t<ul class=\"columns-10 center colPadding accordion-sections\">\n\t\t\t\t\t<li class=\"accordion-section\">\n\t\t\t\t<div class=\"accordion-section-title\">\n\t\t\t\t\t<div class=\"column-of-2 colPadding right\">\n\t\t\t\t\t\tMovimentazione su rotaia\t\t\t\t\t\t<span class=\"accordion-section-toggle icon-plus\"><\/span>\n\t\t\t\t\t<\/div>\n\t\t\t\t\t<br class=\"clear\">\n\t\t\t\t<\/div>\n\t\t\t\t<div class=\"accordion-section-content\">\n\t\t\t\t\t<div class=\"left column-of-2 colPadding accordion-section-image\">\n\t\t\t\t\t \t<img src=\"https:\/\/www.margaritelliferroviaria.com\/wp-content\/uploads\/2016\/06\/margaritelli_ferroviaria_logistica_01_455x550-1.jpg\" alt=\"Movimentazione su rotaia\"\/>\n\t\t\t\t\t <\/div>\n\t\t\t\t\t<div class=\"right column-of-2 colPadding accordion-section-text\">\n\t\t\t\t\t\t<p class=\"p1\"><span class=\"s1\">Nella moderna industria ferroviaria, la logistica diventa un fattore strategico che pu\u00f2 fare la differenza, se gestita combinando in modo ottimizzato le pi\u00f9 idonee modalit\u00e0 di trasporto. Tra queste, Margaritelli Ferroviaria \u00e8 strutturata in modo da privilegiare il trasporto su rotaia, il pi\u00f9 sostenibile sia economicamente che dal punto di vista ambientale.<\/span><\/p>\t\t\t\t\t<\/div>\n\t\t\t\t<\/div>\n\t\t\t<\/li>\n\t\t\t\t\t<li class=\"accordion-section\">\n\t\t\t\t<div class=\"accordion-section-title\">\n\t\t\t\t\t<div class=\"column-of-2 colPadding right\">\n\t\t\t\t\t\tAree di stoccaggio\t\t\t\t\t\t<span class=\"accordion-section-toggle icon-plus\"><\/span>\n\t\t\t\t\t<\/div>\n\t\t\t\t\t<br class=\"clear\">\n\t\t\t\t<\/div>\n\t\t\t\t<div class=\"accordion-section-content\">\n\t\t\t\t\t<div class=\"left column-of-2 colPadding accordion-section-image\">\n\t\t\t\t\t \t<img src=\"https:\/\/www.margaritelliferroviaria.com\/wp-content\/uploads\/2016\/06\/margaritelli_ferroviaria_logistica_02_455x550-1.jpg\" alt=\"Aree di stoccaggio\"\/>\n\t\t\t\t\t <\/div>\n\t\t\t\t\t<div class=\"right column-of-2 colPadding accordion-section-text\">\n\t\t\t\t\t\t<p class=\"p1\"><span class=\"s1\">Nelle forniture destinate alla costruzione delle nuove linee ferroviarie, per rendere regolare il flusso di approvvigionamento ed agevolare le operazioni di posa in linea, Margaritelli Ferroviaria si \u00e8 specializzata nella progettazione e successiva realizzazione di aree di stoccaggio temporanee per la movimentazione delle traverse in prossimit\u00e0 dei cantieri ferroviari, gestendone direttamente l'operativit\u00e0 con uomini e mezzi propri.<\/span><\/p>\t\t\t\t\t<\/div>\n\t\t\t\t<\/div>\n\t\t\t<\/li>\n\t\t\t\t\t<li class=\"accordion-section\">\n\t\t\t\t<div class=\"accordion-section-title\">\n\t\t\t\t\t<div class=\"column-of-2 colPadding right\">\n\t\t\t\t\t\tServizio affidabile\t\t\t\t\t\t<span class=\"accordion-section-toggle icon-plus\"><\/span>\n\t\t\t\t\t<\/div>\n\t\t\t\t\t<br class=\"clear\">\n\t\t\t\t<\/div>\n\t\t\t\t<div class=\"accordion-section-content\">\n\t\t\t\t\t<div class=\"left column-of-2 colPadding accordion-section-image\">\n\t\t\t\t\t \t<img src=\"https:\/\/www.margaritelliferroviaria.com\/wp-content\/uploads\/2016\/06\/margaritelli_ferroviaria_logistica_03_455x550-1.jpg\" alt=\"Servizio affidabile\"\/>\n\t\t\t\t\t <\/div>\n\t\t\t\t\t<div class=\"right column-of-2 colPadding accordion-section-text\">\n\t\t\t\t\t\t<p class=\"p1\"><span class=\"s1\">Distribuzione geografica della capacit\u00e0 produttiva, combinazione ottimale delle pi\u00f9 idonee modalit\u00e0 di trasporto, organizzazione logistica flessibile ed efficiente: anche questi sono fattori chiave per offrire un servizio ad alto livello di affidabilit\u00e0, in termini di rispetto dei tempi e delle modalit\u00e0 di consegna.<\/span><\/p>\t\t\t\t\t<\/div>\n\t\t\t\t<\/div>\n\t\t\t<\/li>\n\t\t\t\t<br class=\"clear\">\n\t<\/ul>\n<\/div><\/div><\/div><\/div><\/div><\/div><div id=\"pg-148-2\"  class=\"panel-grid panel-has-style\" ><div class=\"ik pageSection panel-row-style panel-row-style-for-148-2\" id=\"certifications\" ><div id=\"pgc-148-2-0\"  class=\"panel-grid-cell\" ><div id=\"panel-148-2-0-0\" class=\"so-panel widget widget_qzr-maincontent panel-first-child panel-last-child\" data-index=\"2\" ><div class=\"panel-widget-style panel-widget-style-for-148-2-0-0\" ><div class=\"so-widget-qzr-maincontent so-widget-qzr-maincontent-base\"><div id=\"qzr-maincontent-container\" class=\"qzr-maincontent\">\n\t\t\t\t\t<h2 style=\"color:#7b898e\">Qualit\u00e0<\/h2>\n\t\t\n\t\t\t\t\t<div class=\"decoration\" style=\"background-color: #7b898e\"><\/div>\n\t\t\n\t\t\n\t\t\t\t\t<div class=\"columns-10 center dontShowOnMobile colPadding maincontent-text\" style=\"color:\"><p style=\"text-align: center;\">La ricerca della qualit\u00e0, in tutti gli ambiti di attivit\u00e0, \u00e8 sempre stato uno dei fattori trainanti per Margaritelli Ferroviaria. Con l\u2019intento di rinforzare costantemente la nostra affidabilit\u00e0 in un approccio di miglioramento continuo, operiamo con sistema di gestione per la qualit\u00e0 <a href=\"http:\/\/www.margaritelliferroviaria.com\/wp-content\/uploads\/2025\/07\/CERT_10992_ITA_2024-_ISO-9001-11122024.pdf\" target=\"_blank\" rel=\"noopener\">certificato ISO 9001<\/a><\/p>\n<\/div>\n\t\t\n\t\t\t\t\t<div class=\"columns-10 center showOnMobile colPadding maincontent-text\" style=\"color:\"><p style=\"text-align: center;\">La ricerca della qualit\u00e0, in tutti gli ambiti di attivit\u00e0, \u00e8 sempre stato uno dei fattori trainanti per Margaritelli Ferroviaria. Con l\u2019intento di rinforzare costantemente la nostra affidabilit\u00e0 in un approccio di miglioramento continuo, operiamo con sistema di gestione per la qualit\u00e0 <a href=\"http:\/\/www.margaritelliferroviaria.com\/wp-content\/uploads\/2025\/07\/CERT_10992_ITA_2024-_ISO-9001-11122024.pdf\" target=\"_blank\" rel=\"noopener\">certificato ISO 9001<\/a><\/p>\n<\/div>\n\t\t\n\t\t<div class=\"columns-10 center colPadding maincontent-profiles\">\n\t\t\t\n\t\t\t\t\t\t<br class=\"clear\">\n\t\t<\/div>\n\t\n<\/div><\/div><\/div><\/div><\/div><\/div><\/div><\/div>","protected":false},"excerpt":{"rendered":"<p>Flessibilit\u00e0 SOLUZIONI PER IL TRASPORTO FERROVIARIO Reattivit\u00e0, dinamismo e processi snelli consentono a Margaritelli Ferroviaria di muoversi al ritmo dell&#8217;innovazione tecnologica nel trasporto ferroviario, progettando le soluzioni che meglio rispondono alle nuove esigenze. L&#8217;ampia gamma di prodotti, le traverse progettate su misura, l&#8217;alto livello di ingegnerizzazione, i tempi veloci e l&#8217;organizzazione logistica fanno di Margaritelli [&hellip;]<\/p>\n","protected":false},"author":1,"featured_media":0,"parent":0,"menu_order":0,"comment_status":"closed","ping_status":"closed","template":"","meta":[],"wps_subtitle":"","_links":{"self":[{"href":"https:\/\/www.margaritelliferroviaria.com\/it\/wp-json\/wp\/v2\/pages\/148"}],"collection":[{"href":"https:\/\/www.margaritelliferroviaria.com\/it\/wp-json\/wp\/v2\/pages"}],"about":[{"href":"https:\/\/www.margaritelliferroviaria.com\/it\/wp-json\/wp\/v2\/types\/page"}],"author":[{"embeddable":true,"href":"https:\/\/www.margaritelliferroviaria.com\/it\/wp-json\/wp\/v2\/users\/1"}],"replies":[{"embeddable":true,"href":"https:\/\/www.margaritelliferroviaria.com\/it\/wp-json\/wp\/v2\/comments?post=148"}],"version-history":[{"count":52,"href":"https:\/\/www.margaritelliferroviaria.com\/it\/wp-json\/wp\/v2\/pages\/148\/revisions"}],"predecessor-version":[{"id":355,"href":"https:\/\/www.margaritelliferroviaria.com\/it\/wp-json\/wp\/v2\/pages\/148\/revisions\/355"}],"wp:attachment":[{"href":"https:\/\/www.margaritelliferroviaria.com\/it\/wp-json\/wp\/v2\/media?parent=148"}],"curies":[{"name":"wp","href":"https:\/\/api.w.org\/{rel}","templated":true}]}}