{"id":4735,"date":"2021-10-25T15:43:33","date_gmt":"2021-10-25T13:43:33","guid":{"rendered":"http:\/\/www.margaritelliferroviaria.com\/?page_id=4735"},"modified":"2024-01-26T16:07:47","modified_gmt":"2024-01-26T15:07:47","slug":"modello-organizzativo-ex-d-lgs-n-231-del-2001-e-codice-etico","status":"publish","type":"page","link":"https:\/\/www.margaritelliferroviaria.com\/it\/modello-organizzativo-ex-d-lgs-n-231-del-2001-e-codice-etico\/","title":{"rendered":"Modello organizzativo ex D.lgs. n. 231 del 2001 e Codice Etico"},"content":{"rendered":"<div id=\"pl-4735\"  class=\"panel-layout\" ><div id=\"pg-4735-0\"  class=\"panel-grid panel-has-style\" ><div class=\"ik panel-row-style panel-row-style-for-4735-0\" ><div id=\"pgc-4735-0-0\"  class=\"panel-grid-cell\" ><div id=\"panel-4735-0-0-0\" class=\"so-panel widget widget_qzr-maincontent panel-first-child panel-last-child\" data-index=\"0\" ><div class=\"so-widget-qzr-maincontent so-widget-qzr-maincontent-base\"><div id=\"qzr-maincontent-container\" class=\"qzr-maincontent\">\n\t\t\t\t\t<h2 style=\"color:#0a0a0a\">Modello organizzativo ex D.lgs. n. 231 del 2001 e Codice Etico<\/h2>\n\t\t\n\t\t\t\t\t<div class=\"decoration\" style=\"background-color: #FFFFFF\"><\/div>\n\t\t\n\t\t\n\t\t\t\t\t<div class=\"columns-10 center dontShowOnMobile colPadding maincontent-text\" style=\"color:\"><p>Margaritelli Ferroviaria S.p.A. ha adottato ed attuato un Modello di organizzazione, gestione e controllo (di seguito, per brevit\u00e0, definito anche come il \u201cModello 231\u201d), insieme al Codice Etico, allo scopo principale di adempiere in via preventiva a quanto richiesto dal Decreto n. 231 del 2001 per escludere la responsabilit\u00e0 della Societ\u00e0 per gli illeciti amministrativi dipendenti da reato.<\/p>\n<p>Il Modello 231 \u00e8 stato adottato ed attuato prevedendo, \u201cin relazione alla natura e dimensione dell\u2019organizzazione, nonch\u00e9 il tipo di attivit\u00e0 svolta, misure idonee a garantire lo svolgimento dell\u2019attivit\u00e0 nel rispetto della legge e a scoprire ed eliminare tempestivamente situazioni di rischio\u201d, con l\u2019obiettivo di realizzare un sistema di prevenzione tale da non poter essere aggirato se non fraudolentemente, come indicato nelle Linee Guida di Confindustria.<\/p>\n<p>Con l\u2019adozione e l\u2019attuazione del presente Modello 231 e del Codice Etico si \u00e8 inteso anche esplicitare i valori aziendali di riferimento e promuovere i principi di comportamento ai quali devono attenersi tutti coloro che, a qualsiasi titolo, operano al suo interno o collaborano con la Societ\u00e0, vietando e dissuadendo ogni condotta che si ponga in contrasto con gli stessi e con le norme vigenti.<\/p>\n<p>Il Modello 231 adottato si compone di una serie di elementi: valutazione delle attivit\u00e0 nel cui ambito possono essere commessi reati; principi, norme e regole di condotta; strumenti di controllo; procedure e protocolli di controllo; attivit\u00e0 di formazione e informazione; sistema disciplinare; Organismo di Vigilanza e flussi informativi.<\/p>\n<p>Il Modello di Organizzazione, Gestione e Controllo ex D.lgs. 231\/01 \u00e8 stato definitivamente approvato dal Consiglio di Amministrazione di Margaritelli Ferroviaria S.p.A. con delibera in data 16 settembre 2021.<\/p>\n<p>Margaritelli Ferroviaria S.p.A. si \u00e8 anche dotata di un Codice Etico che definisce l'insieme dei valori che la societ\u00e0 riconosce, accetta e condivide, a tutti i livelli, nello svolgimento dell'attivit\u00e0 d'impresa.<\/p>\n<p>I principi e le disposizioni del Codice Etico costituiscono specificazioni esemplificative degli obblighi generali di diligenza, correttezza e lealt\u00e0 che qualificano l'adempimento delle prestazioni lavorative, il comportamento nell'ambiente di lavoro e le attivit\u00e0 della stessa societ\u00e0.<\/p>\n<p>Il Codice Etico di Margaritelli Ferroviaria S.p.A. \u00e8 stato adottato dal Consiglio di amministrazione della societ\u00e0 in data 15 maggio 2020 ed integrato in data 16 settembre 2021.<\/p>\n<p>I principi, le disposizioni e le prescrizioni previste dal Modello 231 e del Codice Etico adottati da Margaritelli Ferroviaria S.p.A. sono vincolanti per gli amministratori e per tutti i soggetti che a vario titolo operano per conto e nell\u2019interesse della Societ\u00e0.<\/p>\n<p>In ottemperanza all'art. 6, comma 1, lett. b), del D.lgs. 231\/2001 con la stessa delibera del Consiglio di Amministrazione del 16 settembre 2021, Margaritelli Ferroviaria S.p.A. ha istituito e nominato il proprio Organismo di Vigilanza, dotato di autonomi poteri di iniziativa e controllo, che ha il compito di vigilare sul funzionamento e l'osservanza del Modello, curandone l'aggiornamento.<\/p>\n<p>DOWNLOAD<\/p>\n<p><a href=\"http:\/\/www.margaritelliferroviaria.com\/wp-content\/uploads\/2022\/03\/Indice-Modello-231-Margaritelli-Ferroviaria-S.p.A.pdf\" target=\"_blank\" rel=\"noopener\">Indice Modello 231 Margaritelli Ferroviaria S.p.A.<\/a><\/p>\n<p><a href=\"http:\/\/www.margaritelliferroviaria.com\/wp-content\/uploads\/2022\/03\/Margaritelli-Ferroviaria-Codice-Etico_00.pdf\" target=\"_blank\" rel=\"noopener\">Codice Etico Margaritelli Ferroviaria S.p.A.<\/a><\/p>\n<\/div>\n\t\t\n\t\t\t\t\t<div class=\"columns-10 center showOnMobile colPadding maincontent-text\" style=\"color:\"><p>Margaritelli Ferroviaria S.p.A. ha adottato ed attuato un Modello di organizzazione, gestione e controllo (di seguito, per brevit\u00e0, definito anche come il \u201cModello 231\u201d), insieme al Codice Etico, allo scopo principale di adempiere in via preventiva a quanto richiesto dal Decreto n. 231 del 2001 per escludere la responsabilit\u00e0 della Societ\u00e0 per gli illeciti amministrativi dipendenti da reato.<\/p>\n<p>Il Modello 231 \u00e8 stato adottato ed attuato prevedendo, \u201cin relazione alla natura e dimensione dell\u2019organizzazione, nonch\u00e9 il tipo di attivit\u00e0 svolta, misure idonee a garantire lo svolgimento dell\u2019attivit\u00e0 nel rispetto della legge e a scoprire ed eliminare tempestivamente situazioni di rischio\u201d, con l\u2019obiettivo di realizzare un sistema di prevenzione tale da non poter essere aggirato se non fraudolentemente, come indicato nelle Linee Guida di Confindustria.<\/p>\n<p>Con l\u2019adozione e l\u2019attuazione del presente Modello 231 e del Codice Etico si \u00e8 inteso anche esplicitare i valori aziendali di riferimento e promuovere i principi di comportamento ai quali devono attenersi tutti coloro che, a qualsiasi titolo, operano al suo interno o collaborano con la Societ\u00e0, vietando e dissuadendo ogni condotta che si ponga in contrasto con gli stessi e con le norme vigenti.<\/p>\n<p>Il Modello 231 adottato si compone di una serie di elementi: valutazione delle attivit\u00e0 nel cui ambito possono essere commessi reati; principi, norme e regole di condotta; strumenti di controllo; procedure e protocolli di controllo; attivit\u00e0 di formazione e informazione; sistema disciplinare; Organismo di Vigilanza e flussi informativi.<\/p>\n<p>Il Modello di Organizzazione, Gestione e Controllo ex D.lgs. 231\/01 \u00e8 stato definitivamente approvato dal Consiglio di Amministrazione di Margaritelli Ferroviaria S.p.A. con delibera in data 16 settembre 2021.<\/p>\n<p>Margaritelli Ferroviaria S.p.A. si \u00e8 anche dotata di un Codice Etico che definisce l'insieme dei valori che la societ\u00e0 riconosce, accetta e condivide, a tutti i livelli, nello svolgimento dell'attivit\u00e0 d'impresa.<\/p>\n<p>I principi e le disposizioni del Codice Etico costituiscono specificazioni esemplificative degli obblighi generali di diligenza, correttezza e lealt\u00e0 che qualificano l'adempimento delle prestazioni lavorative, il comportamento nell'ambiente di lavoro e le attivit\u00e0 della stessa societ\u00e0.<\/p>\n<p>Il Codice Etico di Margaritelli Ferroviaria S.p.A. \u00e8 stato adottato dal Consiglio di amministrazione della societ\u00e0 in data 15 maggio 2020 ed integrato in data 16 settembre 2021.<\/p>\n<p>I principi, le disposizioni e le prescrizioni previste dal Modello 231 e del Codice Etico adottati da Margaritelli Ferroviaria S.p.A. sono vincolanti per gli amministratori e per tutti i soggetti che a vario titolo operano per conto e nell\u2019interesse della Societ\u00e0.<\/p>\n<p>In ottemperanza all'art. 6, comma 1, lett. b), del D.lgs. 231\/2001 con la stessa delibera del Consiglio di Amministrazione del 16 settembre 2021, Margaritelli Ferroviaria S.p.A. ha istituito e nominato il proprio Organismo di Vigilanza, dotato di autonomi poteri di iniziativa e controllo, che ha il compito di vigilare sul funzionamento e l'osservanza del Modello, curandone l'aggiornamento.<\/p>\n<p>DOWNLOAD<\/p>\n<p><a href=\"http:\/\/www.margaritelliferroviaria.com\/wp-content\/uploads\/2022\/03\/Indice-Modello-231-Margaritelli-Ferroviaria-S.p.A.pdf\" target=\"_blank\" rel=\"noopener\">Indice Modello 231 Margaritelli Ferroviaria S.p.A.<\/a><\/p>\n<p><a href=\"http:\/\/www.margaritelliferroviaria.com\/wp-content\/uploads\/2022\/03\/Margaritelli-Ferroviaria-Codice-Etico_00.pdf\" target=\"_blank\" rel=\"noopener\">Codice Etico Margaritelli Ferroviaria S.p.A.<\/a><\/p>\n<\/div>\n\t\t\n\t\t<div class=\"columns-10 center colPadding maincontent-profiles\">\n\t\t\t\n\t\t\t\t\t\t<br class=\"clear\">\n\t\t<\/div>\n\t\n<\/div><\/div><\/div><\/div><\/div><\/div><\/div>","protected":false},"excerpt":{"rendered":"<p>Modello organizzativo ex D.lgs. n. 231 del 2001 e Codice Etico Margaritelli Ferroviaria S.p.A. ha adottato ed attuato un Modello di organizzazione, gestione e controllo (di seguito, per brevit\u00e0, definito anche come il \u201cModello 231\u201d), insieme al Codice Etico, allo scopo principale di adempiere in via preventiva a quanto richiesto dal Decreto n. 231 del [&hellip;]<\/p>\n","protected":false},"author":2,"featured_media":0,"parent":0,"menu_order":0,"comment_status":"closed","ping_status":"closed","template":"","meta":[],"wps_subtitle":"","_links":{"self":[{"href":"https:\/\/www.margaritelliferroviaria.com\/it\/wp-json\/wp\/v2\/pages\/4735"}],"collection":[{"href":"https:\/\/www.margaritelliferroviaria.com\/it\/wp-json\/wp\/v2\/pages"}],"about":[{"href":"https:\/\/www.margaritelliferroviaria.com\/it\/wp-json\/wp\/v2\/types\/page"}],"author":[{"embeddable":true,"href":"https:\/\/www.margaritelliferroviaria.com\/it\/wp-json\/wp\/v2\/users\/2"}],"replies":[{"embeddable":true,"href":"https:\/\/www.margaritelliferroviaria.com\/it\/wp-json\/wp\/v2\/comments?post=4735"}],"version-history":[{"count":35,"href":"https:\/\/www.margaritelliferroviaria.com\/it\/wp-json\/wp\/v2\/pages\/4735\/revisions"}],"predecessor-version":[{"id":7159,"href":"https:\/\/www.margaritelliferroviaria.com\/it\/wp-json\/wp\/v2\/pages\/4735\/revisions\/7159"}],"wp:attachment":[{"href":"https:\/\/www.margaritelliferroviaria.com\/it\/wp-json\/wp\/v2\/media?parent=4735"}],"curies":[{"name":"wp","href":"https:\/\/api.w.org\/{rel}","templated":true}]}}