{"id":5176,"date":"2022-03-17T07:36:36","date_gmt":"2022-03-17T06:36:36","guid":{"rendered":"http:\/\/www.margaritelliferroviaria.com\/?page_id=5176"},"modified":"2025-12-18T17:07:18","modified_gmt":"2025-12-18T16:07:18","slug":"rating-esg","status":"publish","type":"page","link":"https:\/\/www.margaritelliferroviaria.com\/it\/esg\/rating-esg\/","title":{"rendered":"Rating ESG"},"content":{"rendered":"<div id=\"pl-5176\"  class=\"panel-layout\" ><div id=\"pg-5176-0\"  class=\"panel-grid panel-has-style\" ><div class=\"ik pageSection panel-row-style panel-row-style-for-5176-0\" ><div id=\"pgc-5176-0-0\"  class=\"panel-grid-cell\" ><div id=\"panel-5176-0-0-0\" class=\"so-panel widget widget_qzr-maincontent panel-first-child\" data-index=\"0\" ><div class=\"so-widget-qzr-maincontent so-widget-qzr-maincontent-base\"><div id=\"qzr-maincontent-container\" class=\"qzr-maincontent\">\n\t\t\t\t\t<h2 style=\"color:\">Trasparenza<\/h2>\n\t\t\n\t\t\t\t\t<div class=\"decoration\" style=\"background-color: #FFFFFF\"><\/div>\n\t\t\n\t\t\n\t\t\t\t\t<div class=\"columns-10 center dontShowOnMobile colPadding maincontent-text\" style=\"color:#ffffff\"><p style=\"text-align: center;\">La Responsabilit\u00e0 etica e sociale di Margaritelli Ferroviaria \u00e8 regolarmente valutata da EcoVadis, il pi\u00f9 grande ed affidabile schema mondiale nel campo della valutazione di sostenibilit\u00e0 aziendale, in conformit\u00e0 alle scelte operate ed ai requisiti adottati dall\u2019iniziativa RAILSPONSIBLE, associazione internazionale di operatori dell\u2019industria ferroviaria che si pone come obiettivo di promuovere la sostenibilit\u00e0 e la trasparenza della loro filiera.<\/p>\n<\/div>\n\t\t\n\t\t\t\t\t<div class=\"columns-10 center showOnMobile colPadding maincontent-text\" style=\"color:#ffffff\"><p style=\"text-align: center;\">La Responsabilit\u00e0 etica e sociale di Margaritelli Ferroviaria \u00e8 regolarmente valutata da EcoVadis, il pi\u00f9 grande ed affidabile schema mondiale nel campo della valutazione di sostenibilit\u00e0 aziendale, in conformit\u00e0 alle scelte operate ed ai requisiti adottati dall\u2019iniziativa RAILSPONSIBLE, associazione internazionale di operatori dell\u2019industria ferroviaria che si pone come obiettivo di promuovere la sostenibilit\u00e0 e la trasparenza della loro filiera.<\/p>\n<\/div>\n\t\t\n\t\t<div class=\"columns-10 center colPadding maincontent-profiles\">\n\t\t\t\n\t\t\t\t\t\t<br class=\"clear\">\n\t\t<\/div>\n\t\n<\/div><\/div><\/div><div id=\"panel-5176-0-0-1\" class=\"so-panel widget widget_qzr-headstripe panel-last-child\" data-index=\"1\" ><div class=\"so-widget-qzr-headstripe so-widget-qzr-headstripe-base\"><div class=\"product-category-header\">\n\t<div class=\"columns-10 center colPadding\">\n\t\t<h2 class=\"product-category-title\" style=\"background: #00a7e7;\">Rating ESG<a class=\"backbutton dontShowOnMobile\" href=\"..\/\">\u2039 back<\/a><\/h2>\n\t<\/div>\n<\/div><\/div><\/div><\/div><\/div><\/div><div id=\"pg-5176-1\"  class=\"panel-grid panel-has-style\" ><div class=\"ik pageSection panel-row-style panel-row-style-for-5176-1\" ><div id=\"pgc-5176-1-0\"  class=\"panel-grid-cell\" ><div id=\"panel-5176-1-0-0\" class=\"so-panel widget widget_qzr-maincontent panel-first-child\" data-index=\"2\" ><div class=\"so-widget-qzr-maincontent so-widget-qzr-maincontent-base\"><div id=\"qzr-maincontent-container\" class=\"qzr-maincontent\">\n\t\t\n\t\t\n\t\t\n\t\t\t\t\t<div class=\"columns-10 center dontShowOnMobile colPadding maincontent-text\" style=\"color:\"><p style=\"text-align: center;\"><a href=\"http:\/\/www.margaritelliferroviaria.com\/wp-content\/uploads\/2022\/03\/margaritelli-logo-etica-salute-ambiente-.svg\"><img class=\"size-medium wp-image-5181 aligncenter\" src=\"http:\/\/www.margaritelliferroviaria.com\/wp-content\/uploads\/2022\/03\/margaritelli-logo-etica-salute-ambiente-.svg\" alt=\"\" width=\"300\" height=\"300\" \/><\/a><\/p>\n<p style=\"text-align: center;\">Il risultato attuale della valutazione di sostenibilit\u00e0 etica, ambientale e sociale, \u00e8 valso a Margaritelli Ferroviaria il punteggio di 75 su 100 \u00a0secondo i criteri di EcoVadis, come riconoscimento dell\u2019impegno significativo compiuto dall\u2019azienda e dalle sue persone per rendere il mondo pi\u00f9 sostenibile.<\/p>\n<p><img class=\"wp-image-9348 size-full aligncenter\" src=\"http:\/\/www.margaritelliferroviaria.com\/wp-content\/uploads\/2025\/12\/ecovadis-2025-2.jpg\" alt=\"\" width=\"519\" height=\"319\" \/><\/p>\n<p>&nbsp;<\/p>\n<p>&nbsp;<\/p>\n<\/div>\n\t\t\n\t\t\t\t\t<div class=\"columns-10 center showOnMobile colPadding maincontent-text\" style=\"color:\"><p style=\"text-align: center;\"><a href=\"http:\/\/www.margaritelliferroviaria.com\/wp-content\/uploads\/2022\/03\/margaritelli-logo-etica-salute-ambiente-.svg\"><img class=\"size-medium wp-image-5181 aligncenter\" src=\"http:\/\/www.margaritelliferroviaria.com\/wp-content\/uploads\/2022\/03\/margaritelli-logo-etica-salute-ambiente-.svg\" alt=\"\" width=\"300\" height=\"300\" \/><\/a><\/p>\n<p style=\"text-align: center;\">Il risultato attuale della valutazione di sostenibilit\u00e0 etica, ambientale e sociale, \u00e8 valso a Margaritelli Ferroviaria il punteggio di 75 su 100 \u00a0secondo i criteri di EcoVadis, come riconoscimento dell\u2019impegno significativo compiuto dall\u2019azienda e dalle sue persone per rendere il mondo pi\u00f9 sostenibile.<\/p>\n<p><img class=\"wp-image-9348 size-full aligncenter\" src=\"http:\/\/www.margaritelliferroviaria.com\/wp-content\/uploads\/2025\/12\/ecovadis-2025-2.jpg\" alt=\"\" width=\"519\" height=\"319\" \/><\/p>\n<p>&nbsp;<\/p>\n<p>&nbsp;<\/p>\n<\/div>\n\t\t\n\t\t<div class=\"columns-10 center colPadding maincontent-profiles\">\n\t\t\t\n\t\t\t\t\t\t<br class=\"clear\">\n\t\t<\/div>\n\t\n<\/div><\/div><\/div><div id=\"panel-5176-1-0-1\" class=\"so-panel widget widget_text\" data-index=\"3\" >\t\t\t<div class=\"textwidget\"><\/div>\n\t\t<\/div><div id=\"panel-5176-1-0-2\" class=\"so-panel widget widget_qzr-sectionbutton panel-last-child\" data-index=\"4\" ><div class=\"so-widget-qzr-sectionbutton so-widget-qzr-sectionbutton-base\"><div class=\"sectionbutton-wrapper-medium columns-10 center colPadding\">\n\t\t\t\t\t<div class=\"column-of-2 left colPadding sectionbutton-item-medium\" style=\"background-color:rgba(123,137,142,0.8)\" >\n\t\t\t\t\t<h3><a target=\"_blank\" href=\"http:\/\/www.margaritelliferroviaria.com\/wp-content\/uploads\/2025\/12\/ECOVADIS-Estratto-Scorecard-2025-17122025.pdf\">Download EcoVadis Scorecard<\/a><\/h3>\n\t\t\t\t\t<div class=\"smalldivider\"><\/div>\n\t\t\t\t\t<p><\/p>\n\t\t\t\t\t<a target=\"_blank\" href=\"http:\/\/www.margaritelliferroviaria.com\/wp-content\/uploads\/2025\/12\/ECOVADIS-Estratto-Scorecard-2025-17122025.pdf\"><div class=\"icon-arrow-right\"><\/div><\/a>\n\t\t\t\t<\/div>\n\t\t\t\t\t\t<\/div><\/div><\/div><\/div><\/div><\/div><\/div>","protected":false},"excerpt":{"rendered":"<p>Trasparenza La Responsabilit\u00e0 etica e sociale di Margaritelli Ferroviaria \u00e8 regolarmente valutata da EcoVadis, il pi\u00f9 grande ed affidabile schema mondiale nel campo della valutazione di sostenibilit\u00e0 aziendale, in conformit\u00e0 alle scelte operate ed ai requisiti adottati dall\u2019iniziativa RAILSPONSIBLE, associazione internazionale di operatori dell\u2019industria ferroviaria che si pone come obiettivo di promuovere la sostenibilit\u00e0 e [&hellip;]<\/p>\n","protected":false},"author":2,"featured_media":0,"parent":4944,"menu_order":0,"comment_status":"closed","ping_status":"closed","template":"","meta":[],"wps_subtitle":"","_links":{"self":[{"href":"https:\/\/www.margaritelliferroviaria.com\/it\/wp-json\/wp\/v2\/pages\/5176"}],"collection":[{"href":"https:\/\/www.margaritelliferroviaria.com\/it\/wp-json\/wp\/v2\/pages"}],"about":[{"href":"https:\/\/www.margaritelliferroviaria.com\/it\/wp-json\/wp\/v2\/types\/page"}],"author":[{"embeddable":true,"href":"https:\/\/www.margaritelliferroviaria.com\/it\/wp-json\/wp\/v2\/users\/2"}],"replies":[{"embeddable":true,"href":"https:\/\/www.margaritelliferroviaria.com\/it\/wp-json\/wp\/v2\/comments?post=5176"}],"version-history":[{"count":76,"href":"https:\/\/www.margaritelliferroviaria.com\/it\/wp-json\/wp\/v2\/pages\/5176\/revisions"}],"predecessor-version":[{"id":9354,"href":"https:\/\/www.margaritelliferroviaria.com\/it\/wp-json\/wp\/v2\/pages\/5176\/revisions\/9354"}],"up":[{"embeddable":true,"href":"https:\/\/www.margaritelliferroviaria.com\/it\/wp-json\/wp\/v2\/pages\/4944"}],"wp:attachment":[{"href":"https:\/\/www.margaritelliferroviaria.com\/it\/wp-json\/wp\/v2\/media?parent=5176"}],"curies":[{"name":"wp","href":"https:\/\/api.w.org\/{rel}","templated":true}]}}